{"id":1031,"date":"2017-10-02T10:27:44","date_gmt":"2017-10-02T08:27:44","guid":{"rendered":"https:\/\/alumni-bks.ch\/web\/?page_id=1031"},"modified":"2022-10-27T15:51:57","modified_gmt":"2022-10-27T13:51:57","slug":"aus-dem-vorstand","status":"publish","type":"page","link":"https:\/\/alumni-bks.ch\/web\/neuigkeiten\/aus-dem-vorstand\/","title":{"rendered":"Aus dem Vorstand"},"content":{"rendered":"<p>In Hinblick auf die verst\u00e4rkten Bestrebungen im Bereich der Mitgliederwerbung wird der Vorstand hier in losen Abst\u00e4nden \u00fcber den Stand der Arbeiten informieren.<\/p>\n<p>Die Mitteilung des Vorstands vom 26.08.2022 finden Sie im <a href=\"https:\/\/alumni-bks.ch\/web\/wp-content\/uploads\/2022\/10\/AlumniMitteilung_22-1.pdf\" target=\"_blank\" rel=\"noopener\">Downloadbereich.<\/a><\/p>\n<p>Die Mitteilung des Vorstands vom 20.02.2019 finden Sie im <a href=\"https:\/\/alumni-bks.ch\/web\/wp-content\/uploads\/2019\/02\/AlumniMitteilung_19-1.pdf\" target=\"_blank\" rel=\"noopener\">Downloadbereich<\/a>.<\/p>\n<p>Die Mitteilung des Vorstands vom 21.08.2018 finden Sie im <a href=\"https:\/\/alumni-bks.ch\/web\/wp-content\/uploads\/2018\/08\/AlumniMitteilung_18-2.pdf\" target=\"_blank\" rel=\"noopener\">Downloadbereich.<\/a><\/p>\n<p>Die Mitteilung des Vorstands vom 20.02.2018 finden Sie im <a href=\"https:\/\/alumni-bks.ch\/web\/downloads\/\">Downloadbereich.<\/a><\/p>\n","protected":false},"excerpt":{"rendered":"<p>In Hinblick auf die verst\u00e4rkten Bestrebungen im Bereich der Mitgliederwerbung wird der Vorstand hier in losen Abst\u00e4nden \u00fcber den Stand der Arbeiten informieren. Die Mitteilung des Vorstands vom 26.08.2022 finden Sie im Downloadbereich. Die Mitteilung des Vorstands vom 20.02.2019 finden Sie im Downloadbereich. Die Mitteilung des Vorstands vom 21.08.2018 finden Sie im Downloadbereich. Die Mitteilung [&hellip;]<\/p>\n","protected":false},"author":1,"featured_media":1025,"parent":26,"menu_order":0,"comment_status":"closed","ping_status":"closed","template":"","meta":{"footnotes":""},"class_list":["post-1031","page","type-page","status-publish","has-post-thumbnail","hentry"],"_links":{"self":[{"href":"https:\/\/alumni-bks.ch\/web\/wp-json\/wp\/v2\/pages\/1031","targetHints":{"allow":["GET"]}}],"collection":[{"href":"https:\/\/alumni-bks.ch\/web\/wp-json\/wp\/v2\/pages"}],"about":[{"href":"https:\/\/alumni-bks.ch\/web\/wp-json\/wp\/v2\/types\/page"}],"author":[{"embeddable":true,"href":"https:\/\/alumni-bks.ch\/web\/wp-json\/wp\/v2\/users\/1"}],"replies":[{"embeddable":true,"href":"https:\/\/alumni-bks.ch\/web\/wp-json\/wp\/v2\/comments?post=1031"}],"version-history":[{"count":19,"href":"https:\/\/alumni-bks.ch\/web\/wp-json\/wp\/v2\/pages\/1031\/revisions"}],"predecessor-version":[{"id":1474,"href":"https:\/\/alumni-bks.ch\/web\/wp-json\/wp\/v2\/pages\/1031\/revisions\/1474"}],"up":[{"embeddable":true,"href":"https:\/\/alumni-bks.ch\/web\/wp-json\/wp\/v2\/pages\/26"}],"wp:featuredmedia":[{"embeddable":true,"href":"https:\/\/alumni-bks.ch\/web\/wp-json\/wp\/v2\/media\/1025"}],"wp:attachment":[{"href":"https:\/\/alumni-bks.ch\/web\/wp-json\/wp\/v2\/media?parent=1031"}],"curies":[{"name":"wp","href":"https:\/\/api.w.org\/{rel}","templated":true}]}}