{"id":1359,"date":"2020-11-27T16:44:31","date_gmt":"2020-11-27T15:44:31","guid":{"rendered":"https:\/\/alumni-bks.ch\/web\/?page_id=1359"},"modified":"2020-11-27T16:46:02","modified_gmt":"2020-11-27T15:46:02","slug":"hauptversammlung-2020","status":"publish","type":"page","link":"https:\/\/alumni-bks.ch\/web\/veranstaltungen\/hauptversammlung-2020\/","title":{"rendered":"Hauptversammlung 2020"},"content":{"rendered":"<h2>Gut besuchte Alumni-HV im Walter Zoo<\/h2>\n<p>Die Vereinigung Alumni Baukaderschule St.Gallen genoss am vergangenen Freitag Gastrecht im Walter Zoo in Gossau. Die 9. Hauptversammlung lockte knapp 50 Mitglieder an.<\/p>\n<p>Nach einem Begr\u00fcssungs-Ap\u00e9ro in der imposanten Tigerh\u00f6hle wurde im Saal \u00abTigerausblick\u00bb der offizielle Teil der 9. Hauptversammlung abgehalten. Dies geschah unter strikter Einhaltung der vorherrschenden Schutzbestimmungen. Vereinspr\u00e4sident Stefan Schittenhelm f\u00fchrte in gewohnt speditiver Manier durch die Versammlung und warf einen Blick zur\u00fcck auf das abgelaufene Vereinsjahr. Die Coronakrise f\u00fchrte dazu, dass die beiden geplanten Veranstaltungen im vergangenen Fr\u00fchjahr \u2013 das Forum und das Fr\u00fchsommertreffen &#8211; nicht durchgef\u00fchrt werden konnten. Finanzchef Philipp Burri durfte \u00fcber einen positiven Abschluss berichten, derweil Abteilungsleiter Bruno Mitterer \u00fcber den zur\u00fcckliegenden Fernunterricht w\u00e4hrend des Lockdowns, die erfreulichen Zahlen der Baukaderschule sowie \u00fcber die laufenden Projekte im Zusammenhang mit der Digitalisierung informierte.<\/p>\n<p>Im Anschluss an die Hauptversammlung kamen die Teilnehmenden in den Genuss eines gef\u00fchrten Zoorundgangs. Dabei wurden die anwesenden Alumni-Mitglieder mit vielen Hintergrundinformationen aus der Tierwelt eingedeckt.<\/p>\n<p>Abgerundet wurde die gelungene Veranstaltung durch ein reichhaltiges Abendessen im Zoorestaurant.<\/p>\n<p>Die Alumni-Veranstaltungstermine f\u00fcr das Jahr 2021 wurden wie folgt definiert:<\/p>\n<ul>\n<li>Donnerstag, 18. M\u00e4rz 2021 Alumni-Forum<\/li>\n<li>Freitag, 30. April 2021 Fr\u00fchsommertreffen<\/li>\n<li>Freitag, 17. September 2021 Hauptversammlung<\/li>\n<\/ul>\n","protected":false},"excerpt":{"rendered":"<p>Gut besuchte Alumni-HV im Walter Zoo Die Vereinigung Alumni Baukaderschule St.Gallen genoss am vergangenen Freitag Gastrecht im Walter Zoo in Gossau. Die 9. Hauptversammlung lockte knapp 50 Mitglieder an. Nach einem Begr\u00fcssungs-Ap\u00e9ro in der imposanten Tigerh\u00f6hle wurde im Saal \u00abTigerausblick\u00bb der offizielle Teil der 9. Hauptversammlung abgehalten. Dies geschah unter strikter Einhaltung der vorherrschenden Schutzbestimmungen. [&hellip;]<\/p>\n","protected":false},"author":1,"featured_media":1366,"parent":31,"menu_order":0,"comment_status":"closed","ping_status":"closed","template":"","meta":{"footnotes":""},"class_list":["post-1359","page","type-page","status-publish","has-post-thumbnail","hentry"],"_links":{"self":[{"href":"https:\/\/alumni-bks.ch\/web\/wp-json\/wp\/v2\/pages\/1359","targetHints":{"allow":["GET"]}}],"collection":[{"href":"https:\/\/alumni-bks.ch\/web\/wp-json\/wp\/v2\/pages"}],"about":[{"href":"https:\/\/alumni-bks.ch\/web\/wp-json\/wp\/v2\/types\/page"}],"author":[{"embeddable":true,"href":"https:\/\/alumni-bks.ch\/web\/wp-json\/wp\/v2\/users\/1"}],"replies":[{"embeddable":true,"href":"https:\/\/alumni-bks.ch\/web\/wp-json\/wp\/v2\/comments?post=1359"}],"version-history":[{"count":1,"href":"https:\/\/alumni-bks.ch\/web\/wp-json\/wp\/v2\/pages\/1359\/revisions"}],"predecessor-version":[{"id":1360,"href":"https:\/\/alumni-bks.ch\/web\/wp-json\/wp\/v2\/pages\/1359\/revisions\/1360"}],"up":[{"embeddable":true,"href":"https:\/\/alumni-bks.ch\/web\/wp-json\/wp\/v2\/pages\/31"}],"wp:featuredmedia":[{"embeddable":true,"href":"https:\/\/alumni-bks.ch\/web\/wp-json\/wp\/v2\/media\/1366"}],"wp:attachment":[{"href":"https:\/\/alumni-bks.ch\/web\/wp-json\/wp\/v2\/media?parent=1359"}],"curies":[{"name":"wp","href":"https:\/\/api.w.org\/{rel}","templated":true}]}}