{"id":1495,"date":"2024-08-15T08:07:20","date_gmt":"2024-08-15T06:07:20","guid":{"rendered":"https:\/\/alumni-bks.ch\/web\/?page_id=1495"},"modified":"2024-08-15T08:07:20","modified_gmt":"2024-08-15T06:07:20","slug":"hauptversammlung-2023","status":"publish","type":"page","link":"https:\/\/alumni-bks.ch\/web\/veranstaltungen\/hauptversammlung-2023\/","title":{"rendered":"Hauptversammlung 2023"},"content":{"rendered":"<p>Die diesj\u00e4hrige Hauptversammlung der Alumni Baukaderschule St. Gallen startete mit einer Vorstellung der Firma Stadler Rail.<\/p>\n<p>Die langj\u00e4hrigen Mitarbeiter Rolf Waldvogel, Daniel Lusti und Remo Z\u00fcrcher f\u00fchrten uns mit viel Fachwissen und spannenden Geschichten durch das Werk. Bei der im Anschluss durchgef\u00fchrten Hauptversammlung waren 55 Mitglieder anwesend. Das Gastro-Team der Personalkantine der Stadler Rail verw\u00f6hnte uns mit einem feinen 3-Gang Men\u00fc.<\/p>\n","protected":false},"excerpt":{"rendered":"<p>Die diesj\u00e4hrige Hauptversammlung der Alumni Baukaderschule St. Gallen startete mit einer Vorstellung der Firma Stadler Rail. Die langj\u00e4hrigen Mitarbeiter Rolf Waldvogel, Daniel Lusti und Remo Z\u00fcrcher f\u00fchrten uns mit viel Fachwissen und spannenden Geschichten durch das Werk. Bei der im Anschluss durchgef\u00fchrten Hauptversammlung waren 55 Mitglieder anwesend. Das Gastro-Team der Personalkantine der Stadler Rail verw\u00f6hnte [&hellip;]<\/p>\n","protected":false},"author":1,"featured_media":1500,"parent":31,"menu_order":0,"comment_status":"closed","ping_status":"closed","template":"","meta":{"footnotes":""},"class_list":["post-1495","page","type-page","status-publish","has-post-thumbnail","hentry"],"_links":{"self":[{"href":"https:\/\/alumni-bks.ch\/web\/wp-json\/wp\/v2\/pages\/1495","targetHints":{"allow":["GET"]}}],"collection":[{"href":"https:\/\/alumni-bks.ch\/web\/wp-json\/wp\/v2\/pages"}],"about":[{"href":"https:\/\/alumni-bks.ch\/web\/wp-json\/wp\/v2\/types\/page"}],"author":[{"embeddable":true,"href":"https:\/\/alumni-bks.ch\/web\/wp-json\/wp\/v2\/users\/1"}],"replies":[{"embeddable":true,"href":"https:\/\/alumni-bks.ch\/web\/wp-json\/wp\/v2\/comments?post=1495"}],"version-history":[{"count":1,"href":"https:\/\/alumni-bks.ch\/web\/wp-json\/wp\/v2\/pages\/1495\/revisions"}],"predecessor-version":[{"id":1502,"href":"https:\/\/alumni-bks.ch\/web\/wp-json\/wp\/v2\/pages\/1495\/revisions\/1502"}],"up":[{"embeddable":true,"href":"https:\/\/alumni-bks.ch\/web\/wp-json\/wp\/v2\/pages\/31"}],"wp:featuredmedia":[{"embeddable":true,"href":"https:\/\/alumni-bks.ch\/web\/wp-json\/wp\/v2\/media\/1500"}],"wp:attachment":[{"href":"https:\/\/alumni-bks.ch\/web\/wp-json\/wp\/v2\/media?parent=1495"}],"curies":[{"name":"wp","href":"https:\/\/api.w.org\/{rel}","templated":true}]}}