{"id":1515,"date":"2024-12-13T15:45:51","date_gmt":"2024-12-13T14:45:51","guid":{"rendered":"https:\/\/alumni-bks.ch\/web\/?page_id=1515"},"modified":"2024-12-13T15:47:01","modified_gmt":"2024-12-13T14:47:01","slug":"fruehsommertreffen-2024","status":"publish","type":"page","link":"https:\/\/alumni-bks.ch\/web\/veranstaltungen\/fruehsommertreffen-2024\/","title":{"rendered":"Fr\u00fchsommertreffen 2024"},"content":{"rendered":"<p>F\u00fcr das diesj\u00e4hrige Fr\u00fchsommertreffen machten sich die Mitglieder auf ins <strong><em>CasinoTheater in Winterthur<\/em><\/strong>. Nach einem umfangreichen, kulinarischen Ap\u00e9ro riche durch das Catering-Team d\u00fcrfen wir im Anschluss das Programm \u00abbrenzlig\u00bb von Simon Enzler geniessen.<\/p>\n\t\t<div style=\"clear:both\"><\/div>\n\t\t<div class=\"psgal_wrap\">\n\t\t\t<div id=\"psgal_1515_1\" data-psgal_id=\"1515_1\" data-psgal_container_id=\"container_1515_1\" data-psgal_thumbnail_width=\"300\" data-psgal_use_masonary=\"0\" class=\"psgal-inline psgal gallery-columns-3 gallery-size-large use_masonry_ show_captions_\" itemscope itemtype=\"http:\/\/schema.org\/ImageGallery\">\n\t\t\t\t\t\t\t\t\t\t<figure class=\"msnry_items\" itemscope itemtype=\"http:\/\/schema.org\/ImageObject\" style=\"width:300px;\">\n\t\t\t\t\t\t\t<a href=\"https:\/\/alumni-bks.ch\/web\/wp-content\/uploads\/2024\/12\/bild1-1-1800x1350.jpg\" itemprop=\"contentUrl\" data-size=\"1800x1350\" data-caption=\"\" style=\"height:217.5px;\">\n\t\t\t\t\t\t\t\t<img decoding=\"async\" class=\"msnry_thumb\" src=\"https:\/\/alumni-bks.ch\/web\/wp-content\/uploads\/2024\/12\/bild1-1-400x300.jpg\" itemprop=\"thumbnail\" alt=\"\" \/>\n\t\t\t\t\t\t\t<\/a>\n\t\t\t\t\t\t\t\t\t\t\t\t\t\t<figcaption class=\"photoswipe-gallery-caption\" style=\"display:none;\"><\/figcaption>\n\n\t\t\t\t\t\t<\/figure>\n\t\t\t\t\t\t\t\t\t\t<figure class=\"msnry_items\" itemscope itemtype=\"http:\/\/schema.org\/ImageObject\" style=\"width:300px;\">\n\t\t\t\t\t\t\t<a href=\"https:\/\/alumni-bks.ch\/web\/wp-content\/uploads\/2024\/12\/bild2-1800x1350.jpg\" itemprop=\"contentUrl\" data-size=\"1800x1350\" data-caption=\"\" style=\"height:217.5px;\">\n\t\t\t\t\t\t\t\t<img decoding=\"async\" class=\"msnry_thumb\" src=\"https:\/\/alumni-bks.ch\/web\/wp-content\/uploads\/2024\/12\/bild2-400x300.jpg\" itemprop=\"thumbnail\" alt=\"\" \/>\n\t\t\t\t\t\t\t<\/a>\n\t\t\t\t\t\t\t\t\t\t\t\t\t\t<figcaption class=\"photoswipe-gallery-caption\" style=\"display:none;\"><\/figcaption>\n\n\t\t\t\t\t\t<\/figure>\n\t\t\t\t\t\t\t<\/div>\n\t\t<\/div>\n\t\t<div style='clear:both'><\/div>\n\n","protected":false},"excerpt":{"rendered":"<p>F\u00fcr das diesj\u00e4hrige Fr\u00fchsommertreffen machten sich die Mitglieder auf ins CasinoTheater in Winterthur. Nach einem umfangreichen, kulinarischen Ap\u00e9ro riche durch das Catering-Team d\u00fcrfen wir im Anschluss das Programm \u00abbrenzlig\u00bb von Simon Enzler geniessen.<\/p>\n","protected":false},"author":1,"featured_media":1516,"parent":31,"menu_order":0,"comment_status":"closed","ping_status":"closed","template":"","meta":{"footnotes":""},"class_list":["post-1515","page","type-page","status-publish","has-post-thumbnail","hentry"],"_links":{"self":[{"href":"https:\/\/alumni-bks.ch\/web\/wp-json\/wp\/v2\/pages\/1515","targetHints":{"allow":["GET"]}}],"collection":[{"href":"https:\/\/alumni-bks.ch\/web\/wp-json\/wp\/v2\/pages"}],"about":[{"href":"https:\/\/alumni-bks.ch\/web\/wp-json\/wp\/v2\/types\/page"}],"author":[{"embeddable":true,"href":"https:\/\/alumni-bks.ch\/web\/wp-json\/wp\/v2\/users\/1"}],"replies":[{"embeddable":true,"href":"https:\/\/alumni-bks.ch\/web\/wp-json\/wp\/v2\/comments?post=1515"}],"version-history":[{"count":3,"href":"https:\/\/alumni-bks.ch\/web\/wp-json\/wp\/v2\/pages\/1515\/revisions"}],"predecessor-version":[{"id":1521,"href":"https:\/\/alumni-bks.ch\/web\/wp-json\/wp\/v2\/pages\/1515\/revisions\/1521"}],"up":[{"embeddable":true,"href":"https:\/\/alumni-bks.ch\/web\/wp-json\/wp\/v2\/pages\/31"}],"wp:featuredmedia":[{"embeddable":true,"href":"https:\/\/alumni-bks.ch\/web\/wp-json\/wp\/v2\/media\/1516"}],"wp:attachment":[{"href":"https:\/\/alumni-bks.ch\/web\/wp-json\/wp\/v2\/media?parent=1515"}],"curies":[{"name":"wp","href":"https:\/\/api.w.org\/{rel}","templated":true}]}}