{"id":19348,"date":"2025-08-12T09:54:25","date_gmt":"2025-08-12T07:54:25","guid":{"rendered":"https:\/\/alumni-bks.ch\/web\/?page_id=19348"},"modified":"2025-08-12T13:56:31","modified_gmt":"2025-08-12T11:56:31","slug":"6-alumni-forum-2025","status":"publish","type":"page","link":"https:\/\/alumni-bks.ch\/web\/veranstaltungen\/6-alumni-forum-2025\/","title":{"rendered":"6. Alumni Forum 2025"},"content":{"rendered":"<p>Mit der Baustellenbesichtigung der A1 Stadtautobahn in St.Gallen verlagerte sich das diesj\u00e4hrige 6. Alumni Forum vom fr\u00fchen in den sp\u00e4ten Abend. Die rund 60 Teilnehmenden wurden zuerst mit einem feinen Imbiss des GBS mampf verw\u00f6hnt. Anschliessend haben uns Markus Weber von der Bauherrschaft sowie Louis Camenzind und Josefine Gerarts seitens der Bauleitung das Projekt n\u00e4her vorgestellt. Um 20:45 Uhr war es dann so weit und wir teilten uns in 5 Busse auf, welche uns an verschiedene Ausgangspunkte im Rosenberg-\/Schorentunnel f\u00fchrten. Bei der F\u00fchrung \u00fcbernahmen zus\u00e4tzlich Alexander Noger und Ivo Stalder eine weitere Gruppe. Die beeindruckende Nachtbaustelle auf der Stadtautobahn hat uns nicht nur hinsichtlich der Bauleistungen und des Projektes als solches, sondern auch in Bezug auf die Logistik sehr beeindruckt.<\/p>\n<p><img loading=\"lazy\" decoding=\"async\" class=\"alignnone size-medium wp-image-19356\" src=\"https:\/\/alumni-bks.ch\/web\/wp-content\/uploads\/2025\/08\/Vorstellung-Baustelle-3-300x225.jpg\" alt=\"\" width=\"300\" height=\"225\" srcset=\"https:\/\/alumni-bks.ch\/web\/wp-content\/uploads\/2025\/08\/Vorstellung-Baustelle-3-300x225.jpg 300w, https:\/\/alumni-bks.ch\/web\/wp-content\/uploads\/2025\/08\/Vorstellung-Baustelle-3-1024x768.jpg 1024w, https:\/\/alumni-bks.ch\/web\/wp-content\/uploads\/2025\/08\/Vorstellung-Baustelle-3-768x576.jpg 768w, https:\/\/alumni-bks.ch\/web\/wp-content\/uploads\/2025\/08\/Vorstellung-Baustelle-3-1536x1152.jpg 1536w, https:\/\/alumni-bks.ch\/web\/wp-content\/uploads\/2025\/08\/Vorstellung-Baustelle-3-400x300.jpg 400w, https:\/\/alumni-bks.ch\/web\/wp-content\/uploads\/2025\/08\/Vorstellung-Baustelle-3-1800x1350.jpg 1800w, https:\/\/alumni-bks.ch\/web\/wp-content\/uploads\/2025\/08\/Vorstellung-Baustelle-3.jpg 2016w\" sizes=\"auto, (max-width: 300px) 100vw, 300px\" \/> \u00a0<img loading=\"lazy\" decoding=\"async\" class=\"alignnone size-medium wp-image-19357\" src=\"https:\/\/alumni-bks.ch\/web\/wp-content\/uploads\/2025\/08\/Vorstellung-Baustelle-300x225.jpg\" alt=\"\" width=\"300\" height=\"225\" srcset=\"https:\/\/alumni-bks.ch\/web\/wp-content\/uploads\/2025\/08\/Vorstellung-Baustelle-300x225.jpg 300w, https:\/\/alumni-bks.ch\/web\/wp-content\/uploads\/2025\/08\/Vorstellung-Baustelle-1024x768.jpg 1024w, https:\/\/alumni-bks.ch\/web\/wp-content\/uploads\/2025\/08\/Vorstellung-Baustelle-768x576.jpg 768w, https:\/\/alumni-bks.ch\/web\/wp-content\/uploads\/2025\/08\/Vorstellung-Baustelle-1536x1152.jpg 1536w, https:\/\/alumni-bks.ch\/web\/wp-content\/uploads\/2025\/08\/Vorstellung-Baustelle-400x300.jpg 400w, https:\/\/alumni-bks.ch\/web\/wp-content\/uploads\/2025\/08\/Vorstellung-Baustelle-1800x1350.jpg 1800w, https:\/\/alumni-bks.ch\/web\/wp-content\/uploads\/2025\/08\/Vorstellung-Baustelle.jpg 2016w\" sizes=\"auto, (max-width: 300px) 100vw, 300px\" \/> \u00a0<img loading=\"lazy\" decoding=\"async\" class=\"alignnone size-medium wp-image-19358\" src=\"https:\/\/alumni-bks.ch\/web\/wp-content\/uploads\/2025\/08\/Auffahrt-Kreuzbleiche-300x225.jpg\" alt=\"\" width=\"300\" height=\"225\" srcset=\"https:\/\/alumni-bks.ch\/web\/wp-content\/uploads\/2025\/08\/Auffahrt-Kreuzbleiche-300x225.jpg 300w, https:\/\/alumni-bks.ch\/web\/wp-content\/uploads\/2025\/08\/Auffahrt-Kreuzbleiche-1024x768.jpg 1024w, https:\/\/alumni-bks.ch\/web\/wp-content\/uploads\/2025\/08\/Auffahrt-Kreuzbleiche-768x576.jpg 768w, https:\/\/alumni-bks.ch\/web\/wp-content\/uploads\/2025\/08\/Auffahrt-Kreuzbleiche-1536x1152.jpg 1536w, https:\/\/alumni-bks.ch\/web\/wp-content\/uploads\/2025\/08\/Auffahrt-Kreuzbleiche-2048x1536.jpg 2048w, https:\/\/alumni-bks.ch\/web\/wp-content\/uploads\/2025\/08\/Auffahrt-Kreuzbleiche-400x300.jpg 400w, https:\/\/alumni-bks.ch\/web\/wp-content\/uploads\/2025\/08\/Auffahrt-Kreuzbleiche-1800x1350.jpg 1800w\" sizes=\"auto, (max-width: 300px) 100vw, 300px\" \/><\/p>\n<p><img loading=\"lazy\" decoding=\"async\" class=\"alignnone size-medium wp-image-19349\" src=\"https:\/\/alumni-bks.ch\/web\/wp-content\/uploads\/2025\/08\/Auffahrt-Kreuzbleiche-5-300x225.jpg\" alt=\"\" width=\"300\" height=\"225\" srcset=\"https:\/\/alumni-bks.ch\/web\/wp-content\/uploads\/2025\/08\/Auffahrt-Kreuzbleiche-5-300x225.jpg 300w, https:\/\/alumni-bks.ch\/web\/wp-content\/uploads\/2025\/08\/Auffahrt-Kreuzbleiche-5-1024x768.jpg 1024w, https:\/\/alumni-bks.ch\/web\/wp-content\/uploads\/2025\/08\/Auffahrt-Kreuzbleiche-5-768x576.jpg 768w, https:\/\/alumni-bks.ch\/web\/wp-content\/uploads\/2025\/08\/Auffahrt-Kreuzbleiche-5-1536x1152.jpg 1536w, https:\/\/alumni-bks.ch\/web\/wp-content\/uploads\/2025\/08\/Auffahrt-Kreuzbleiche-5-2048x1536.jpg 2048w, https:\/\/alumni-bks.ch\/web\/wp-content\/uploads\/2025\/08\/Auffahrt-Kreuzbleiche-5-400x300.jpg 400w, https:\/\/alumni-bks.ch\/web\/wp-content\/uploads\/2025\/08\/Auffahrt-Kreuzbleiche-5-1800x1350.jpg 1800w\" sizes=\"auto, (max-width: 300px) 100vw, 300px\" \/> \u00a0<img loading=\"lazy\" decoding=\"async\" class=\"alignnone size-medium wp-image-19350\" src=\"https:\/\/alumni-bks.ch\/web\/wp-content\/uploads\/2025\/08\/Fahrbahn-Busse-300x225.jpg\" alt=\"\" width=\"300\" height=\"225\" srcset=\"https:\/\/alumni-bks.ch\/web\/wp-content\/uploads\/2025\/08\/Fahrbahn-Busse-300x225.jpg 300w, https:\/\/alumni-bks.ch\/web\/wp-content\/uploads\/2025\/08\/Fahrbahn-Busse-1024x768.jpg 1024w, https:\/\/alumni-bks.ch\/web\/wp-content\/uploads\/2025\/08\/Fahrbahn-Busse-768x576.jpg 768w, https:\/\/alumni-bks.ch\/web\/wp-content\/uploads\/2025\/08\/Fahrbahn-Busse-1536x1152.jpg 1536w, https:\/\/alumni-bks.ch\/web\/wp-content\/uploads\/2025\/08\/Fahrbahn-Busse-2048x1536.jpg 2048w, https:\/\/alumni-bks.ch\/web\/wp-content\/uploads\/2025\/08\/Fahrbahn-Busse-400x300.jpg 400w, https:\/\/alumni-bks.ch\/web\/wp-content\/uploads\/2025\/08\/Fahrbahn-Busse-1800x1350.jpg 1800w\" sizes=\"auto, (max-width: 300px) 100vw, 300px\" \/> \u00a0<img loading=\"lazy\" decoding=\"async\" class=\"alignnone size-medium wp-image-19351\" src=\"https:\/\/alumni-bks.ch\/web\/wp-content\/uploads\/2025\/08\/Imbiss-300x225.jpg\" alt=\"\" width=\"300\" height=\"225\" srcset=\"https:\/\/alumni-bks.ch\/web\/wp-content\/uploads\/2025\/08\/Imbiss-300x225.jpg 300w, https:\/\/alumni-bks.ch\/web\/wp-content\/uploads\/2025\/08\/Imbiss-1024x768.jpg 1024w, https:\/\/alumni-bks.ch\/web\/wp-content\/uploads\/2025\/08\/Imbiss-768x576.jpg 768w, https:\/\/alumni-bks.ch\/web\/wp-content\/uploads\/2025\/08\/Imbiss-1536x1152.jpg 1536w, https:\/\/alumni-bks.ch\/web\/wp-content\/uploads\/2025\/08\/Imbiss-2048x1536.jpg 2048w, https:\/\/alumni-bks.ch\/web\/wp-content\/uploads\/2025\/08\/Imbiss-400x300.jpg 400w, https:\/\/alumni-bks.ch\/web\/wp-content\/uploads\/2025\/08\/Imbiss-1800x1350.jpg 1800w\" sizes=\"auto, (max-width: 300px) 100vw, 300px\" \/><\/p>\n<p><img loading=\"lazy\" decoding=\"async\" class=\"alignnone size-medium wp-image-19359\" src=\"https:\/\/alumni-bks.ch\/web\/wp-content\/uploads\/2025\/08\/Tunnel-Querschlag-225x300.jpg\" alt=\"\" width=\"225\" height=\"300\" srcset=\"https:\/\/alumni-bks.ch\/web\/wp-content\/uploads\/2025\/08\/Tunnel-Querschlag-225x300.jpg 225w, https:\/\/alumni-bks.ch\/web\/wp-content\/uploads\/2025\/08\/Tunnel-Querschlag-768x1024.jpg 768w, https:\/\/alumni-bks.ch\/web\/wp-content\/uploads\/2025\/08\/Tunnel-Querschlag-1152x1536.jpg 1152w, https:\/\/alumni-bks.ch\/web\/wp-content\/uploads\/2025\/08\/Tunnel-Querschlag-1536x2048.jpg 1536w, https:\/\/alumni-bks.ch\/web\/wp-content\/uploads\/2025\/08\/Tunnel-Querschlag-1800x2400.jpg 1800w, https:\/\/alumni-bks.ch\/web\/wp-content\/uploads\/2025\/08\/Tunnel-Querschlag-scaled.jpg 1920w\" sizes=\"auto, (max-width: 225px) 100vw, 225px\" \/><\/p>\n<p>&nbsp;<\/p>\n<p>&nbsp;<\/p>\n","protected":false},"excerpt":{"rendered":"<p>Mit der Baustellenbesichtigung der A1 Stadtautobahn in St.Gallen verlagerte sich das diesj\u00e4hrige 6. Alumni Forum vom fr\u00fchen in den sp\u00e4ten Abend. Die rund 60 Teilnehmenden wurden zuerst mit einem feinen Imbiss des GBS mampf verw\u00f6hnt. Anschliessend haben uns Markus Weber von der Bauherrschaft sowie Louis Camenzind und Josefine Gerarts seitens der Bauleitung das Projekt n\u00e4her [&hellip;]<\/p>\n","protected":false},"author":5,"featured_media":19350,"parent":31,"menu_order":0,"comment_status":"closed","ping_status":"closed","template":"","meta":{"footnotes":""},"class_list":["post-19348","page","type-page","status-publish","has-post-thumbnail","hentry"],"_links":{"self":[{"href":"https:\/\/alumni-bks.ch\/web\/wp-json\/wp\/v2\/pages\/19348","targetHints":{"allow":["GET"]}}],"collection":[{"href":"https:\/\/alumni-bks.ch\/web\/wp-json\/wp\/v2\/pages"}],"about":[{"href":"https:\/\/alumni-bks.ch\/web\/wp-json\/wp\/v2\/types\/page"}],"author":[{"embeddable":true,"href":"https:\/\/alumni-bks.ch\/web\/wp-json\/wp\/v2\/users\/5"}],"replies":[{"embeddable":true,"href":"https:\/\/alumni-bks.ch\/web\/wp-json\/wp\/v2\/comments?post=19348"}],"version-history":[{"count":3,"href":"https:\/\/alumni-bks.ch\/web\/wp-json\/wp\/v2\/pages\/19348\/revisions"}],"predecessor-version":[{"id":19362,"href":"https:\/\/alumni-bks.ch\/web\/wp-json\/wp\/v2\/pages\/19348\/revisions\/19362"}],"up":[{"embeddable":true,"href":"https:\/\/alumni-bks.ch\/web\/wp-json\/wp\/v2\/pages\/31"}],"wp:featuredmedia":[{"embeddable":true,"href":"https:\/\/alumni-bks.ch\/web\/wp-json\/wp\/v2\/media\/19350"}],"wp:attachment":[{"href":"https:\/\/alumni-bks.ch\/web\/wp-json\/wp\/v2\/media?parent=19348"}],"curies":[{"name":"wp","href":"https:\/\/api.w.org\/{rel}","templated":true}]}}