{"id":19421,"date":"2025-10-30T15:35:08","date_gmt":"2025-10-30T14:35:08","guid":{"rendered":"https:\/\/alumni-bks.ch\/web\/?page_id=19421"},"modified":"2025-10-30T15:37:35","modified_gmt":"2025-10-30T14:37:35","slug":"hauptversammlung-2025","status":"publish","type":"page","link":"https:\/\/alumni-bks.ch\/web\/veranstaltungen\/hauptversammlung-2025\/","title":{"rendered":"Hauptversammlung 2025"},"content":{"rendered":"<p>F\u00fcr die diesj\u00e4hrige Hauptversammlung 2025 fanden rund 40 Mitglieder den Weg nach Flums. Vor der HV d\u00fcrften wir eine spannende F\u00fchrung durch die Firma Flumroc geniessen, welche sich auf die Herstellung von Steinwolle spezialisiert hat.<\/p>\n<p>An der Hauptversammlung tritt Hans Steiner als Revisor und Bruno Mitterer als Mitglied des Vorstand zur\u00fcck. Wir danken euch herzlich f\u00fcr den jahrelangen Einsatz f\u00fcr unseren Verein.<\/p>\n<p>Im Anschluss verk\u00f6stige uns das Teams des Restaurant Sternen in Flums mit einem feinen Spaghetti-Plausch.<\/p>\n<p>&nbsp;<\/p>\n<p><img loading=\"lazy\" decoding=\"async\" class=\"alignnone size-medium wp-image-19423\" src=\"https:\/\/alumni-bks.ch\/web\/wp-content\/uploads\/2025\/10\/Besichtigung-2-300x225.jpg\" alt=\"\" width=\"300\" height=\"225\" srcset=\"https:\/\/alumni-bks.ch\/web\/wp-content\/uploads\/2025\/10\/Besichtigung-2-300x225.jpg 300w, https:\/\/alumni-bks.ch\/web\/wp-content\/uploads\/2025\/10\/Besichtigung-2-1024x768.jpg 1024w, https:\/\/alumni-bks.ch\/web\/wp-content\/uploads\/2025\/10\/Besichtigung-2-768x576.jpg 768w, https:\/\/alumni-bks.ch\/web\/wp-content\/uploads\/2025\/10\/Besichtigung-2-1536x1152.jpg 1536w, https:\/\/alumni-bks.ch\/web\/wp-content\/uploads\/2025\/10\/Besichtigung-2-2048x1536.jpg 2048w, https:\/\/alumni-bks.ch\/web\/wp-content\/uploads\/2025\/10\/Besichtigung-2-400x300.jpg 400w, https:\/\/alumni-bks.ch\/web\/wp-content\/uploads\/2025\/10\/Besichtigung-2-1800x1350.jpg 1800w\" sizes=\"auto, (max-width: 300px) 100vw, 300px\" \/> <img loading=\"lazy\" decoding=\"async\" class=\"alignnone size-medium wp-image-19424\" src=\"https:\/\/alumni-bks.ch\/web\/wp-content\/uploads\/2025\/10\/Essen-300x225.jpg\" alt=\"\" width=\"300\" height=\"225\" srcset=\"https:\/\/alumni-bks.ch\/web\/wp-content\/uploads\/2025\/10\/Essen-300x225.jpg 300w, https:\/\/alumni-bks.ch\/web\/wp-content\/uploads\/2025\/10\/Essen-1024x768.jpg 1024w, https:\/\/alumni-bks.ch\/web\/wp-content\/uploads\/2025\/10\/Essen-768x576.jpg 768w, https:\/\/alumni-bks.ch\/web\/wp-content\/uploads\/2025\/10\/Essen-1536x1152.jpg 1536w, https:\/\/alumni-bks.ch\/web\/wp-content\/uploads\/2025\/10\/Essen-400x300.jpg 400w, https:\/\/alumni-bks.ch\/web\/wp-content\/uploads\/2025\/10\/Essen-1800x1350.jpg 1800w, https:\/\/alumni-bks.ch\/web\/wp-content\/uploads\/2025\/10\/Essen.jpg 2016w\" sizes=\"auto, (max-width: 300px) 100vw, 300px\" \/> \u00a0\u00a0<img loading=\"lazy\" decoding=\"async\" class=\"alignnone size-medium wp-image-19427\" src=\"https:\/\/alumni-bks.ch\/web\/wp-content\/uploads\/2025\/10\/Begruessung-300x225.jpg\" alt=\"\" width=\"300\" height=\"225\" srcset=\"https:\/\/alumni-bks.ch\/web\/wp-content\/uploads\/2025\/10\/Begruessung-300x225.jpg 300w, https:\/\/alumni-bks.ch\/web\/wp-content\/uploads\/2025\/10\/Begruessung-1024x768.jpg 1024w, https:\/\/alumni-bks.ch\/web\/wp-content\/uploads\/2025\/10\/Begruessung-768x576.jpg 768w, https:\/\/alumni-bks.ch\/web\/wp-content\/uploads\/2025\/10\/Begruessung-1536x1152.jpg 1536w, https:\/\/alumni-bks.ch\/web\/wp-content\/uploads\/2025\/10\/Begruessung-400x300.jpg 400w, https:\/\/alumni-bks.ch\/web\/wp-content\/uploads\/2025\/10\/Begruessung-1800x1350.jpg 1800w, https:\/\/alumni-bks.ch\/web\/wp-content\/uploads\/2025\/10\/Begruessung.jpg 2016w\" sizes=\"auto, (max-width: 300px) 100vw, 300px\" \/> <img loading=\"lazy\" decoding=\"async\" class=\"alignnone size-medium wp-image-19428\" src=\"https:\/\/alumni-bks.ch\/web\/wp-content\/uploads\/2025\/10\/Besichtigung-1-300x225.jpg\" alt=\"\" width=\"300\" height=\"225\" srcset=\"https:\/\/alumni-bks.ch\/web\/wp-content\/uploads\/2025\/10\/Besichtigung-1-300x225.jpg 300w, https:\/\/alumni-bks.ch\/web\/wp-content\/uploads\/2025\/10\/Besichtigung-1-1024x768.jpg 1024w, https:\/\/alumni-bks.ch\/web\/wp-content\/uploads\/2025\/10\/Besichtigung-1-768x576.jpg 768w, https:\/\/alumni-bks.ch\/web\/wp-content\/uploads\/2025\/10\/Besichtigung-1-1536x1152.jpg 1536w, https:\/\/alumni-bks.ch\/web\/wp-content\/uploads\/2025\/10\/Besichtigung-1-2048x1536.jpg 2048w, https:\/\/alumni-bks.ch\/web\/wp-content\/uploads\/2025\/10\/Besichtigung-1-400x300.jpg 400w, https:\/\/alumni-bks.ch\/web\/wp-content\/uploads\/2025\/10\/Besichtigung-1-1800x1350.jpg 1800w\" sizes=\"auto, (max-width: 300px) 100vw, 300px\" \/><\/p>\n<p><img loading=\"lazy\" decoding=\"async\" class=\"alignnone size-medium wp-image-19425\" src=\"https:\/\/alumni-bks.ch\/web\/wp-content\/uploads\/2025\/10\/Verabschiedung-Bruno-225x300.jpg\" alt=\"\" width=\"225\" height=\"300\" srcset=\"https:\/\/alumni-bks.ch\/web\/wp-content\/uploads\/2025\/10\/Verabschiedung-Bruno-225x300.jpg 225w, https:\/\/alumni-bks.ch\/web\/wp-content\/uploads\/2025\/10\/Verabschiedung-Bruno-768x1024.jpg 768w, https:\/\/alumni-bks.ch\/web\/wp-content\/uploads\/2025\/10\/Verabschiedung-Bruno-1152x1536.jpg 1152w, https:\/\/alumni-bks.ch\/web\/wp-content\/uploads\/2025\/10\/Verabschiedung-Bruno-1536x2048.jpg 1536w, https:\/\/alumni-bks.ch\/web\/wp-content\/uploads\/2025\/10\/Verabschiedung-Bruno-1800x2400.jpg 1800w, https:\/\/alumni-bks.ch\/web\/wp-content\/uploads\/2025\/10\/Verabschiedung-Bruno-scaled.jpg 1920w\" sizes=\"auto, (max-width: 225px) 100vw, 225px\" \/> <img loading=\"lazy\" decoding=\"async\" class=\"alignnone size-medium wp-image-19426\" src=\"https:\/\/alumni-bks.ch\/web\/wp-content\/uploads\/2025\/10\/Verabschiedung-Hans-225x300.jpg\" alt=\"\" width=\"225\" height=\"300\" srcset=\"https:\/\/alumni-bks.ch\/web\/wp-content\/uploads\/2025\/10\/Verabschiedung-Hans-225x300.jpg 225w, https:\/\/alumni-bks.ch\/web\/wp-content\/uploads\/2025\/10\/Verabschiedung-Hans-768x1024.jpg 768w, https:\/\/alumni-bks.ch\/web\/wp-content\/uploads\/2025\/10\/Verabschiedung-Hans-1152x1536.jpg 1152w, https:\/\/alumni-bks.ch\/web\/wp-content\/uploads\/2025\/10\/Verabschiedung-Hans-1536x2048.jpg 1536w, https:\/\/alumni-bks.ch\/web\/wp-content\/uploads\/2025\/10\/Verabschiedung-Hans-1800x2400.jpg 1800w, https:\/\/alumni-bks.ch\/web\/wp-content\/uploads\/2025\/10\/Verabschiedung-Hans-scaled.jpg 1920w\" sizes=\"auto, (max-width: 225px) 100vw, 225px\" \/><\/p>\n","protected":false},"excerpt":{"rendered":"<p>F\u00fcr die diesj\u00e4hrige Hauptversammlung 2025 fanden rund 40 Mitglieder den Weg nach Flums. Vor der HV d\u00fcrften wir eine spannende F\u00fchrung durch die Firma Flumroc geniessen, welche sich auf die Herstellung von Steinwolle spezialisiert hat. An der Hauptversammlung tritt Hans Steiner als Revisor und Bruno Mitterer als Mitglied des Vorstand zur\u00fcck. Wir danken euch herzlich [&hellip;]<\/p>\n","protected":false},"author":5,"featured_media":0,"parent":31,"menu_order":0,"comment_status":"closed","ping_status":"closed","template":"","meta":{"footnotes":""},"class_list":["post-19421","page","type-page","status-publish","hentry"],"_links":{"self":[{"href":"https:\/\/alumni-bks.ch\/web\/wp-json\/wp\/v2\/pages\/19421","targetHints":{"allow":["GET"]}}],"collection":[{"href":"https:\/\/alumni-bks.ch\/web\/wp-json\/wp\/v2\/pages"}],"about":[{"href":"https:\/\/alumni-bks.ch\/web\/wp-json\/wp\/v2\/types\/page"}],"author":[{"embeddable":true,"href":"https:\/\/alumni-bks.ch\/web\/wp-json\/wp\/v2\/users\/5"}],"replies":[{"embeddable":true,"href":"https:\/\/alumni-bks.ch\/web\/wp-json\/wp\/v2\/comments?post=19421"}],"version-history":[{"count":5,"href":"https:\/\/alumni-bks.ch\/web\/wp-json\/wp\/v2\/pages\/19421\/revisions"}],"predecessor-version":[{"id":19431,"href":"https:\/\/alumni-bks.ch\/web\/wp-json\/wp\/v2\/pages\/19421\/revisions\/19431"}],"up":[{"embeddable":true,"href":"https:\/\/alumni-bks.ch\/web\/wp-json\/wp\/v2\/pages\/31"}],"wp:attachment":[{"href":"https:\/\/alumni-bks.ch\/web\/wp-json\/wp\/v2\/media?parent=19421"}],"curies":[{"name":"wp","href":"https:\/\/api.w.org\/{rel}","templated":true}]}}