{"id":20,"date":"2016-06-04T15:29:01","date_gmt":"2016-06-04T13:29:01","guid":{"rendered":"https:\/\/testnetz.ch\/alumni\/?page_id=20"},"modified":"2016-06-04T15:29:01","modified_gmt":"2016-06-04T13:29:01","slug":"mitgliedschaft","status":"publish","type":"page","link":"https:\/\/alumni-bks.ch\/web\/mitgliedschaft\/","title":{"rendered":"Mitgliedschaft"},"content":{"rendered":"<p>Mitglieder des Vereins k\u00f6nnen nat\u00fcrliche und juristische Personen werden, welche Ziel und Zweck des Vereins anerkennen und zu f\u00f6rdern bereit sind. Der Verein besteht aus Aktiv-mitgliedern mit Stimmrecht und hat keine Passivmitglieder.<br \/>\nMitteilungen \u00fcber den Wechsel von der Aktiv- zur Passivmitgliedschaft bzw. umgekehrt und Aufnahmegesuche neuer Mitglieder sind schriftlich an den Pr\u00e4sidenten zu richten. \u00dcber die Aufnahme entscheidet der Vorstand.<br \/>\nDie Mitgliedschaft kann erworben werden insbesondere von:<\/p>\n<ol>\n<li>Absolventinnen und Absolventen der Baukaderschule St.Gallen<\/li>\n<li>Mitgliedern des Lehrk\u00f6rpers der Baukaderschule St.Gallen<\/li>\n<li>Personen und Institutionen, die zur Baukaderschule St.Gallen einen besonderen Bezug haben<\/li>\n<li>Firmen<\/li>\n<\/ol>\n<p>Die Mitglieder verpflichten sich zur F\u00f6rderung des Vereinszweckes und zur Zahlung eines Jahresbeitrages.<br \/>\nBesonders verdienten Personen kann die Ehrenmitgliedschaft verliehen werden.<\/p>\n","protected":false},"excerpt":{"rendered":"<p>Mitglieder des Vereins k\u00f6nnen nat\u00fcrliche und juristische Personen werden, welche Ziel und Zweck des Vereins anerkennen und zu f\u00f6rdern bereit sind. Der Verein besteht aus Aktiv-mitgliedern mit Stimmrecht und hat keine Passivmitglieder. Mitteilungen \u00fcber den Wechsel von der Aktiv- zur Passivmitgliedschaft bzw. umgekehrt und Aufnahmegesuche neuer Mitglieder sind schriftlich an den Pr\u00e4sidenten zu richten. \u00dcber [&hellip;]<\/p>\n","protected":false},"author":1,"featured_media":358,"parent":0,"menu_order":0,"comment_status":"closed","ping_status":"closed","template":"","meta":{"footnotes":""},"class_list":["post-20","page","type-page","status-publish","has-post-thumbnail","hentry"],"_links":{"self":[{"href":"https:\/\/alumni-bks.ch\/web\/wp-json\/wp\/v2\/pages\/20","targetHints":{"allow":["GET"]}}],"collection":[{"href":"https:\/\/alumni-bks.ch\/web\/wp-json\/wp\/v2\/pages"}],"about":[{"href":"https:\/\/alumni-bks.ch\/web\/wp-json\/wp\/v2\/types\/page"}],"author":[{"embeddable":true,"href":"https:\/\/alumni-bks.ch\/web\/wp-json\/wp\/v2\/users\/1"}],"replies":[{"embeddable":true,"href":"https:\/\/alumni-bks.ch\/web\/wp-json\/wp\/v2\/comments?post=20"}],"version-history":[{"count":0,"href":"https:\/\/alumni-bks.ch\/web\/wp-json\/wp\/v2\/pages\/20\/revisions"}],"wp:featuredmedia":[{"embeddable":true,"href":"https:\/\/alumni-bks.ch\/web\/wp-json\/wp\/v2\/media\/358"}],"wp:attachment":[{"href":"https:\/\/alumni-bks.ch\/web\/wp-json\/wp\/v2\/media?parent=20"}],"curies":[{"name":"wp","href":"https:\/\/api.w.org\/{rel}","templated":true}]}}