{"id":506,"date":"2016-06-04T12:40:10","date_gmt":"2016-06-04T10:40:10","guid":{"rendered":"https:\/\/testnetz.ch\/alumni\/?page_id=4"},"modified":"2017-06-08T09:18:30","modified_gmt":"2017-06-08T07:18:30","slug":"herzlich-willkommen","status":"publish","type":"page","link":"https:\/\/alumni-bks.ch\/web\/","title":{"rendered":"Herzlich Willkommen"},"content":{"rendered":"<p>Die Absolventen der Baukaderschule St.Gallen durchlaufen gemeinsam einen wichtigen und pr\u00e4genden Teil ihrer beruflichen Ausbildung. Oft pflegen sie nach ihrem Abschluss weiterhin den Kontakt untereinander. Diese Verbundenheit m\u00f6chte der Verein \u201eAlumni Baukaderschule\u201c f\u00f6rdern und st\u00e4rken.<\/p>\n<p>Liegt Ihnen Ihre Zeit an der Baukaderschule St.Gallen am Herzen? M\u00f6chten auch Sie das entstandene Netzwerk und die pers\u00f6nlichen Beziehungen aufrechterhalten? Und wollen Sie gleichzeitig die Baukaderschule unterst\u00fctzen?<\/p>\n<p>Die \u201eAlumni Baukaderschule St.Gallen&#8220; ist das ideale Netzwerk f\u00fcr ehemalige Baukadersch\u00fcler und gibt dieser wichtigen Bildungsinstitution eine Stimme und f\u00f6rdert so ihre weitere Entwicklung. Was wir tun und wie Sie sich selbst engagieren k\u00f6nnen: Das erfahren Sie auf den folgenden Seiten. Danke f\u00fcr Ihr Interesse.<\/p>\n<p>Mit kollegialen Gr\u00fcssen<br \/>\nStefan Schittenhelm<br \/>\nPr\u00e4sident<\/p>\n","protected":false},"excerpt":{"rendered":"<p>Die Absolventen der Baukaderschule St.Gallen durchlaufen gemeinsam einen wichtigen und pr\u00e4genden Teil ihrer beruflichen Ausbildung. Oft pflegen sie nach ihrem Abschluss weiterhin den Kontakt untereinander. Diese Verbundenheit m\u00f6chte der Verein \u201eAlumni Baukaderschule\u201c f\u00f6rdern und st\u00e4rken. Liegt Ihnen Ihre Zeit an der Baukaderschule St.Gallen am Herzen? M\u00f6chten auch Sie das entstandene Netzwerk und die pers\u00f6nlichen Beziehungen [&hellip;]<\/p>\n","protected":false},"author":1,"featured_media":318,"parent":0,"menu_order":0,"comment_status":"closed","ping_status":"closed","template":"","meta":{"footnotes":""},"class_list":["post-506","page","type-page","status-publish","has-post-thumbnail","hentry"],"_links":{"self":[{"href":"https:\/\/alumni-bks.ch\/web\/wp-json\/wp\/v2\/pages\/506","targetHints":{"allow":["GET"]}}],"collection":[{"href":"https:\/\/alumni-bks.ch\/web\/wp-json\/wp\/v2\/pages"}],"about":[{"href":"https:\/\/alumni-bks.ch\/web\/wp-json\/wp\/v2\/types\/page"}],"author":[{"embeddable":true,"href":"https:\/\/alumni-bks.ch\/web\/wp-json\/wp\/v2\/users\/1"}],"replies":[{"embeddable":true,"href":"https:\/\/alumni-bks.ch\/web\/wp-json\/wp\/v2\/comments?post=506"}],"version-history":[{"count":2,"href":"https:\/\/alumni-bks.ch\/web\/wp-json\/wp\/v2\/pages\/506\/revisions"}],"predecessor-version":[{"id":908,"href":"https:\/\/alumni-bks.ch\/web\/wp-json\/wp\/v2\/pages\/506\/revisions\/908"}],"wp:featuredmedia":[{"embeddable":true,"href":"https:\/\/alumni-bks.ch\/web\/wp-json\/wp\/v2\/media\/318"}],"wp:attachment":[{"href":"https:\/\/alumni-bks.ch\/web\/wp-json\/wp\/v2\/media?parent=506"}],"curies":[{"name":"wp","href":"https:\/\/api.w.org\/{rel}","templated":true}]}}