{"id":52,"date":"2016-06-05T12:33:37","date_gmt":"2016-06-05T10:33:37","guid":{"rendered":"https:\/\/testnetz.ch\/alumni\/?page_id=52"},"modified":"2016-06-05T12:33:37","modified_gmt":"2016-06-05T10:33:37","slug":"kategorien","status":"publish","type":"page","link":"https:\/\/alumni-bks.ch\/web\/kategorien\/","title":{"rendered":"Kategorien"},"content":{"rendered":"<p>Aktivmitglieder in den jeweiligen Mitgliedskategorien leisten folgende j\u00e4hrlichen Mitglieder-beitr\u00e4ge:<\/p>\n<ol>\n<li>Absolventinnen und Absolventen der Baukaderschule St.Gallen (CHF 30.&#8211;)<\/li>\n<li>Mitglieder des Lehrk\u00f6rpers der Baukaderschule St.Gallen (CHF 30.&#8211;)<\/li>\n<li>Privatpersonen (CHF 30.&#8211;)<\/li>\n<li>Institutionen, die zur Baukaderschule St.Gallen einen besonderen Bezug haben (CHF 100.&#8211;)<\/li>\n<li>Firmen (CHF 250.&#8211;)<\/li>\n<li>Arbeitgeber-, Arbeitnehmerorganisationen (CHF 500.&#8211;)<\/li>\n<\/ol>\n<p>Ehrenmitglieder und Vorst\u00e4nde haben keine Beitr\u00e4ge zu leisten.<\/p>\n","protected":false},"excerpt":{"rendered":"<p>Aktivmitglieder in den jeweiligen Mitgliedskategorien leisten folgende j\u00e4hrlichen Mitglieder-beitr\u00e4ge: Absolventinnen und Absolventen der Baukaderschule St.Gallen (CHF 30.&#8211;) Mitglieder des Lehrk\u00f6rpers der Baukaderschule St.Gallen (CHF 30.&#8211;) Privatpersonen (CHF 30.&#8211;) Institutionen, die zur Baukaderschule St.Gallen einen besonderen Bezug haben (CHF 100.&#8211;) Firmen (CHF 250.&#8211;) Arbeitgeber-, Arbeitnehmerorganisationen (CHF 500.&#8211;) Ehrenmitglieder und Vorst\u00e4nde haben keine Beitr\u00e4ge zu leisten.<\/p>\n","protected":false},"author":1,"featured_media":366,"parent":0,"menu_order":0,"comment_status":"closed","ping_status":"closed","template":"","meta":{"footnotes":""},"class_list":["post-52","page","type-page","status-publish","has-post-thumbnail","hentry"],"_links":{"self":[{"href":"https:\/\/alumni-bks.ch\/web\/wp-json\/wp\/v2\/pages\/52","targetHints":{"allow":["GET"]}}],"collection":[{"href":"https:\/\/alumni-bks.ch\/web\/wp-json\/wp\/v2\/pages"}],"about":[{"href":"https:\/\/alumni-bks.ch\/web\/wp-json\/wp\/v2\/types\/page"}],"author":[{"embeddable":true,"href":"https:\/\/alumni-bks.ch\/web\/wp-json\/wp\/v2\/users\/1"}],"replies":[{"embeddable":true,"href":"https:\/\/alumni-bks.ch\/web\/wp-json\/wp\/v2\/comments?post=52"}],"version-history":[{"count":0,"href":"https:\/\/alumni-bks.ch\/web\/wp-json\/wp\/v2\/pages\/52\/revisions"}],"wp:featuredmedia":[{"embeddable":true,"href":"https:\/\/alumni-bks.ch\/web\/wp-json\/wp\/v2\/media\/366"}],"wp:attachment":[{"href":"https:\/\/alumni-bks.ch\/web\/wp-json\/wp\/v2\/media?parent=52"}],"curies":[{"name":"wp","href":"https:\/\/api.w.org\/{rel}","templated":true}]}}