{"id":6,"date":"2016-06-04T14:15:54","date_gmt":"2016-06-04T12:15:54","guid":{"rendered":"https:\/\/testnetz.ch\/alumni\/?page_id=6"},"modified":"2016-06-04T14:15:54","modified_gmt":"2016-06-04T12:15:54","slug":"alumni-bks","status":"publish","type":"page","link":"https:\/\/alumni-bks.ch\/web\/alumni-bks\/","title":{"rendered":"Alumni BKS"},"content":{"rendered":"<p>Der Verein bezweckt, die Verbundenheit und die Beziehung unter den Abg\u00e4ngern der Baukaderschule zu st\u00e4rken sowie das lebenslange Lernen und den allseitigen Erfahrungsaustausch zu f\u00f6rdern. <\/p>\n<p>Ferner bezweckt der Verein, die Baukaderschule St.Gallen insbesondere in Lehre, Forschung und Entwicklung \u00fcber den Rahmen hinaus zu f\u00f6rdern, der mit \u00f6ffentlichen Mitteln erreicht werden kann.<\/p>\n<ol>\n<li>Er unterst\u00fctzt und entwickelt Projekte, welche die beschriebenen Zwecke verfolgen.<\/li>\n<li>Er bietet in ausgew\u00e4hlten Bereichen Dienstleistungen an.<\/li>\n<li>Er richtet Veranstaltungen f\u00fcr die Mitglieder aus.<\/li>\n<li>Er sorgt f\u00fcr den R\u00fcckfluss von Erfahrungen ehemaliger Absolventen in der Praxis.<\/li>\n<li>Er informiert die Mitglieder regelm\u00e4ssig \u00fcber Aktivit\u00e4ten des Vereins und der Baukader-schule St.Gallen.<\/li>\n<li>Er engagiert sich f\u00fcr die Qualit\u00e4t der Baukaderschule St.Gallen und der Werterhaltung seiner Abschl\u00fcsse.<\/li>\n<li>Er aktiviert die Mitglieder, in der Gesellschaft, insbesondere Wirtschaft und Politik, Goodwill f\u00fcr die Anliegen der Mitglieder und des Vereins zu schaffen.<\/li>\n<li>Er sucht M\u00e4zene und Sponsoren und pflegt die Beziehungen zu ihnen.<\/li>\n<\/ol>\n","protected":false},"excerpt":{"rendered":"<p>Der Verein bezweckt, die Verbundenheit und die Beziehung unter den Abg\u00e4ngern der Baukaderschule zu st\u00e4rken sowie das lebenslange Lernen und den allseitigen Erfahrungsaustausch zu f\u00f6rdern. Ferner bezweckt der Verein, die Baukaderschule St.Gallen insbesondere in Lehre, Forschung und Entwicklung \u00fcber den Rahmen hinaus zu f\u00f6rdern, der mit \u00f6ffentlichen Mitteln erreicht werden kann. Er unterst\u00fctzt und entwickelt [&hellip;]<\/p>\n","protected":false},"author":1,"featured_media":267,"parent":0,"menu_order":0,"comment_status":"closed","ping_status":"closed","template":"","meta":{"footnotes":""},"class_list":["post-6","page","type-page","status-publish","has-post-thumbnail","hentry"],"_links":{"self":[{"href":"https:\/\/alumni-bks.ch\/web\/wp-json\/wp\/v2\/pages\/6","targetHints":{"allow":["GET"]}}],"collection":[{"href":"https:\/\/alumni-bks.ch\/web\/wp-json\/wp\/v2\/pages"}],"about":[{"href":"https:\/\/alumni-bks.ch\/web\/wp-json\/wp\/v2\/types\/page"}],"author":[{"embeddable":true,"href":"https:\/\/alumni-bks.ch\/web\/wp-json\/wp\/v2\/users\/1"}],"replies":[{"embeddable":true,"href":"https:\/\/alumni-bks.ch\/web\/wp-json\/wp\/v2\/comments?post=6"}],"version-history":[{"count":0,"href":"https:\/\/alumni-bks.ch\/web\/wp-json\/wp\/v2\/pages\/6\/revisions"}],"wp:featuredmedia":[{"embeddable":true,"href":"https:\/\/alumni-bks.ch\/web\/wp-json\/wp\/v2\/media\/267"}],"wp:attachment":[{"href":"https:\/\/alumni-bks.ch\/web\/wp-json\/wp\/v2\/media?parent=6"}],"curies":[{"name":"wp","href":"https:\/\/api.w.org\/{rel}","templated":true}]}}