{"id":82,"date":"2016-06-05T14:01:22","date_gmt":"2016-06-05T12:01:22","guid":{"rendered":"https:\/\/testnetz.ch\/alumni\/?page_id=82"},"modified":"2025-06-11T09:34:56","modified_gmt":"2025-06-11T07:34:56","slug":"impressum","status":"publish","type":"page","link":"https:\/\/alumni-bks.ch\/web\/impressum\/","title":{"rendered":"Impressum"},"content":{"rendered":"<p><strong>Verantwortlich f\u00fcr den Inhalt<\/strong><br \/>\nAlumni Baukaderschule St. Gallen<br \/>\nStefan Schittenhelm, Pr\u00e4sident<br \/>\nSchreinerstrasse<br \/>\nCH-9000 St. Gallen<br \/>\nSchweiz<br \/>\nTel. +41 79 672 56 52<br \/>\n<a href=\"mailto:hallo@alumni-bks.ch\">hallo@alumni-bks.ch<\/a><\/p>\n<p><strong>Konzeption, Layout und Programmierung<\/strong><br \/>\n<a href=\"https:\/\/silent-effect.ch\/\" target=\"_blank\" rel=\"noopener\">Silent Effect AG<\/a> | 9301 Wittenbach<\/p>\n<p><strong>Bilder<\/strong><br \/>\n<a href=\"https:\/\/www.gbssg.ch\" target=\"_blank\" rel=\"noopener\">Gewerbliches Berufs- und Weiterbildungszentrum St.Gallen<\/a><\/p>\n<p><strong>Haftungsausschluss<\/strong><br \/>\nDer Autor \u00fcbernimmt keinerlei Gew\u00e4hr hinsichtlich der inhaltlichen Richtigkeit, Genauigkeit, Aktualit\u00e4t, Zuverl\u00e4ssigkeit und Vollst\u00e4ndigkeit der Informationen. Haftungsanspr\u00fcche gegen den Autor wegen Sch\u00e4den materieller oder immaterieller Art, welche aus dem Zugriff oder der Nutzung bzw. Nichtnutzung der ver\u00f6ffentlichten Informationen, durch Missbrauch der Verbindung oder durch technische St\u00f6rungen entstanden sind, werden ausgeschlossen. Alle Angebote sind unverbindlich. Der Autor beh\u00e4lt es sich ausdr\u00fccklich vor, Teile der Seiten oder das gesamte Angebot ohne gesonderte Ank\u00fcndigung zu ver\u00e4ndern, zu erg\u00e4nzen, zu l\u00f6schen oder die Ver\u00f6ffentlichung zeitweise oder endg\u00fcltig einzustellen.<\/p>\n<p><strong>Haftung f\u00fcr Links<\/strong><br \/>\nVerweise und Links auf Webseiten Dritter liegen ausserhalb unseres Verantwortungsbereichs. Es wird jegliche Verantwortung f\u00fcr solche Webseiten abgelehnt. Der Zugriff und die Nutzung solcher Webseiten erfolgen auf eigene Gefahr des Nutzers oder der Nutzerin.<\/p>\n<p><strong>Urheberrechte<\/strong><br \/>\nDie Urheber- und Nutzungsrechte der Inhalte, Bilder, Fotos oder Dateien auf der Website geh\u00f6ren ausschliesslich Alumni Baukaderschule St. Gallen oder den speziell genannten Rechtsinhabern. F\u00fcr die Reproduktion jeglicher Elemente ist die schriftliche Zustimmung der Urheberrechtstr\u00e4ger im Voraus einzuholen.<br \/>\nDatenschutz<\/p>\n<p>Gest\u00fctzt auf Artikel 13 der schweizerischen Bundesverfassung und die datenschutzrechtlichen Bestimmungen des Bundes (Datenschutzgesetz, DSG) hat jede Person Anspruch auf Schutz ihrer Privatsph\u00e4re sowie auf Schutz vor Missbrauch ihrer pers\u00f6nlichen Daten. Wir halten diese Bestimmungen ein. Pers\u00f6nliche Daten werden streng vertraulich behandelt und weder an Dritte verkauft noch weitergegeben. Die \u00dcbermittlung Ihrer Daten erfolgt verschl\u00fcsselt.<\/p>\n","protected":false},"excerpt":{"rendered":"<p>Verantwortlich f\u00fcr den Inhalt Alumni Baukaderschule St. Gallen Stefan Schittenhelm, Pr\u00e4sident Schreinerstrasse CH-9000 St. Gallen Schweiz Tel. +41 79 672 56 52 hallo@alumni-bks.ch Konzeption, Layout und Programmierung Silent Effect AG | 9301 Wittenbach Bilder Gewerbliches Berufs- und Weiterbildungszentrum St.Gallen Haftungsausschluss Der Autor \u00fcbernimmt keinerlei Gew\u00e4hr hinsichtlich der inhaltlichen Richtigkeit, Genauigkeit, Aktualit\u00e4t, Zuverl\u00e4ssigkeit und Vollst\u00e4ndigkeit der [&hellip;]<\/p>\n","protected":false},"author":1,"featured_media":407,"parent":0,"menu_order":0,"comment_status":"closed","ping_status":"closed","template":"","meta":{"footnotes":""},"class_list":["post-82","page","type-page","status-publish","has-post-thumbnail","hentry"],"_links":{"self":[{"href":"https:\/\/alumni-bks.ch\/web\/wp-json\/wp\/v2\/pages\/82","targetHints":{"allow":["GET"]}}],"collection":[{"href":"https:\/\/alumni-bks.ch\/web\/wp-json\/wp\/v2\/pages"}],"about":[{"href":"https:\/\/alumni-bks.ch\/web\/wp-json\/wp\/v2\/types\/page"}],"author":[{"embeddable":true,"href":"https:\/\/alumni-bks.ch\/web\/wp-json\/wp\/v2\/users\/1"}],"replies":[{"embeddable":true,"href":"https:\/\/alumni-bks.ch\/web\/wp-json\/wp\/v2\/comments?post=82"}],"version-history":[{"count":2,"href":"https:\/\/alumni-bks.ch\/web\/wp-json\/wp\/v2\/pages\/82\/revisions"}],"predecessor-version":[{"id":1544,"href":"https:\/\/alumni-bks.ch\/web\/wp-json\/wp\/v2\/pages\/82\/revisions\/1544"}],"wp:featuredmedia":[{"embeddable":true,"href":"https:\/\/alumni-bks.ch\/web\/wp-json\/wp\/v2\/media\/407"}],"wp:attachment":[{"href":"https:\/\/alumni-bks.ch\/web\/wp-json\/wp\/v2\/media?parent=82"}],"curies":[{"name":"wp","href":"https:\/\/api.w.org\/{rel}","templated":true}]}}